{"id":13112,"date":"2022-01-25T14:32:11","date_gmt":"2022-01-25T13:32:11","guid":{"rendered":"https:\/\/www.domainerogerpabiot.fr\/our-philosophy\/"},"modified":"2024-10-09T19:39:10","modified_gmt":"2024-10-09T17:39:10","slug":"our-philosophy","status":"publish","type":"page","link":"https:\/\/www.domainerogerpabiot.fr\/en\/our-philosophy\/","title":{"rendered":"Our philosophy"},"content":{"rendered":"<p>[vc_row css=&#8221;.vc_custom_1492069466896{padding-top: 150px !important;padding-bottom: 150px !important;}&#8221;][vc_column]<div class=\"eltdf-elements-holder eltdf-responsive-mode-768\" ><div class=\"eltdf-eh-item eltdf-horizontal-alignment-center\" data-item-class=\"eltdf-eh-custom-635358\" data-1280-1600=\"0 30% 0 30%\" data-1024-1280=\"0 27% 0 27%\" data-768-1024=\"0 15% 0 15%\" data-600-768=\"0 7% 0 7%\" data-480=\"0 5% 0 5%\" >\n\t<div class=\"eltdf-eh-item-inner\" >\n\t\t<div class=\"eltdf-eh-item-content eltdf-eh-custom-635358\" style=\"padding: 0 32% 0 32%\">\n\t\t\t<div class=\"eltdf-section-title-holder\" >\n\t\t\t<h2 class=\"eltdf-st-title\" style=\"color: #5e4a4a\">\n\t\t\t<span>Le vignoble<\/span>\n\t\t<\/h2>\n                    <div class=\"eltdf-st-separator clearfix\">\n                <div class=\"eltdf-separator\" ><\/div>\n            <\/div>\n        \t\t\t<\/div>[vc_column_text]<\/p>\n<p style=\"text-align: justify;\">Known as &#8220;<em>Pauliacum super fluvium ligerim<\/em>&#8220;, the Pouilly-sur-Loire vineyard has continued to grow since the 5<sup>th<\/sup> century. From the Benedictines to the kings, the wines of Pouilly have forged their reputation.  Over the years, the vineyard developed <strong>Chasselas<\/strong> and <strong>White Sauvignon<\/strong> where fruitiness and minerality were their typical characteristics.<br \/>\nIn 1937, the creation of the \u2019<strong>AOC &#8220;Pouilly-Fum\u00e9&#8221;<\/strong> marked the beginning of the era of Sauvignon called &#8220;Blanc Fum\u00e9&#8221;.<\/p>\n<p> Chasselas, the vineyard&#8217;s historic grape variety, was also awarded its <strong>AOC &#8220;Pouilly-sur-Loire&#8221; <\/strong> the same year.<br \/>\nThe <em>&#8220;Blanc Fum\u00e9&#8221;<\/em> and the historic Chasselas are renowned as fruity, expressive and fine white wines throughout the world.<\/p>\n<p><\/p>\n<p>[\/vc_column_text][vc_empty_space height=&#8221;60px&#8221;][vc_single_image image=&#8221;11667&#8243; img_size=&#8221;full&#8221; alignment=&#8221;center&#8221;]\t\t<\/div>\n\t<\/div>\n\t<\/div><\/div>[vc_empty_space height=&#8221;50px&#8221;][vc_separator]<div class=\"eltdf-elements-holder eltdf-responsive-mode-768\" style=\"background-color:rgba(177,175,106,0.07);\"><div class=\"eltdf-eh-item eltdf-horizontal-alignment-center\" data-item-class=\"eltdf-eh-custom-895708\" data-1280-1600=\"0 30% 0 30%\" data-1024-1280=\"0 27% 0 27%\" data-768-1024=\"0 15% 0 15%\" data-600-768=\"0 7% 0 7%\" data-480=\"0 5% 0 5%\" >\n\t<div class=\"eltdf-eh-item-inner\" >\n\t\t<div class=\"eltdf-eh-item-content eltdf-eh-custom-895708\" style=\"padding: 0 20% 0 20%\">\n\t\t\t[vc_empty_space height=&#8221;50px&#8221;]<div class=\"eltdf-section-title-holder\" >\n\t\t\t<h2 class=\"eltdf-st-title\" style=\"color: #5e4a4a\">\n\t\t\t<span>Nos valeurs<\/span>\n\t\t<\/h2>\n                    <div class=\"eltdf-st-separator clearfix\">\n                <div class=\"eltdf-separator\" ><\/div>\n            <\/div>\n        \t\t\t<\/div>[vc_empty_space height=&#8221;60px&#8221;]<div class=\"eltdf-section-title-holder\" style=\"text-align: left\">\n\t\t\t<h5 class=\"eltdf-st-title\" style=\"color: #5e4a4a\">\n\t\t\t<span>Exploitation familiale \u00e0 \u00e9chelle humaine<\/span>\n\t\t<\/h5>\n        \t\t\t<\/div>[vc_column_text]<\/p>\n<p style=\"text-align: left;\">For 4 generations, the know-how and history of the vineyard have been passed down from father to son. Today, the fifth generation is embodied by Pauline, who symbolises modernity and a contemporary vision of viticulture.<br \/>\nWe attach real importance to the well-being of our teams and to ensuring that everyone finds meaning in their missions. <\/p>\n<p>[\/vc_column_text][vc_empty_space height=&#8221;30px&#8221;]<div class=\"eltdf-gallery-blocks-holder  eltdf-normal-space\">\n        <div class=\"eltdf-gb-images\">\n        \t                        <div class=\"eltdf-gb-image\">\n            \t                \t                        <img loading=\"lazy\" decoding=\"async\" width=\"119\" height=\"12\" src=\"https:\/\/www.domainerogerpabiot.fr\/wp-content\/uploads\/2017\/04\/landing-separator.png?wsr\" class=\"attachment-full size-full\" alt=\"\" \/>                                    <\/div>\n            <\/div>\n<\/div>[vc_empty_space height=&#8221;30px&#8221;]<div class=\"eltdf-section-title-holder\" style=\"text-align: left\">\n\t\t\t<h5 class=\"eltdf-st-title\" style=\"color: #5e4a4a\">\n\t\t\t<span>Agriculture en conversion bio<\/span>\n\t\t<\/h5>\n        \t\t\t<\/div>[vc_column_text]<\/p>\n<p style=\"text-align: left;\">Being a winemaker requires a great sense of observation: climate, plant evolution, soil characteristics. The rhythm of the vine guides us every day.<br \/>\nChoosing organic farming is a response to climate issues and our quality requirements. We began this transition in 2021, then obtained certification in 2024.  <\/p>\n<p>[\/vc_column_text][vc_empty_space height=&#8221;30px&#8221;]<div class=\"eltdf-gallery-blocks-holder  eltdf-normal-space\">\n        <div class=\"eltdf-gb-images\">\n        \t                        <div class=\"eltdf-gb-image\">\n            \t                \t                        <img loading=\"lazy\" decoding=\"async\" width=\"119\" height=\"12\" src=\"https:\/\/www.domainerogerpabiot.fr\/wp-content\/uploads\/2017\/04\/landing-separator.png?wsr\" class=\"attachment-full size-full\" alt=\"\" \/>                                    <\/div>\n            <\/div>\n<\/div>[vc_empty_space height=&#8221;30px&#8221;]<div class=\"eltdf-section-title-holder\" style=\"text-align: left\">\n\t\t\t<h5 class=\"eltdf-st-title\" style=\"color: #5e4a4a\">\n\t\t\t<span>Respect de l&#039;expression des terroirs<\/span>\n\t\t<\/h5>\n        \t\t\t<\/div>[vc_column_text]<\/p>\n<p class=\"p2\" style=\"text-align: left;\">Our wines are produced in a plot-by-plot manner: vinification is carried out by terroir (flint, limestone, clayey sand) in order to allow the full expression of each of them. Before bottling, we proceed with the blends in order to find the best balance. <\/p>\n<ul>\n<li class=\"p2\" style=\"text-align: left;\">The \u201cCoteau des Girarmes\u201d vintage reveals the roundness and fruitiness of the pebbled, clay-limestone and clayey sand terroirs.<\/li>\n<li class=\"p2\" style=\"text-align: left;\">The Silex comes from a single plot. We reserve this cuv\u00e9e for the best vintages, in order to benefit from the full expression of its characteristic minerality. <\/li>\n<li class=\"p2\" style=\"text-align: left;\">\u201cFrom Earth to Stars\u201d, it\u2019s instinct that speaks! It\u2019s a myriad of little things that make it subtle. In particular, tasting the musts allows you to select the one with the best potential. Two winemaking techniques will then be used: fermentation in barrels and in ovoid vats. Finally, the two processes are combined to reveal the best of this original vintage.    <\/li>\n<\/ul>\n<p>[\/vc_column_text][vc_empty_space height=&#8221;30px&#8221;]<div class=\"eltdf-gallery-blocks-holder  eltdf-normal-space\">\n        <div class=\"eltdf-gb-images\">\n        \t                        <div class=\"eltdf-gb-image\">\n            \t                \t                        <img loading=\"lazy\" decoding=\"async\" width=\"119\" height=\"12\" src=\"https:\/\/www.domainerogerpabiot.fr\/wp-content\/uploads\/2017\/04\/landing-separator.png?wsr\" class=\"attachment-full size-full\" alt=\"\" \/>                                    <\/div>\n            <\/div>\n<\/div>[vc_empty_space height=&#8221;30px&#8221;]<div class=\"eltdf-section-title-holder\" style=\"text-align: left\">\n\t\t\t<h5 class=\"eltdf-st-title\" style=\"color: #5e4a4a\">\n\t\t\t<span>Recherche constante d&#039;innovation<\/span>\n\t\t<\/h5>\n        \t\t\t<\/div>[vc_column_text]<\/p>\n<p class=\"p2\" style=\"text-align: left;\">Always interested in advances in research, both on plants and on soil life, we regularly carry out tests in the field such as green fertilizers; agroforestry, eco-grazing, etc.<\/p>\n<p>[\/vc_column_text][vc_empty_space height=&#8221;50px&#8221;]\t\t<\/div>\n\t<\/div>\n\t<\/div><\/div>[vc_separator][vc_empty_space height=&#8221;80px&#8221;]<div class=\"eltdf-section-title-holder\" style=\"text-align: center\">\n\t\t\t<h2 class=\"eltdf-st-title\" style=\"color: #5e4a4a\">\n\t\t\t<span>LA FAMILLE<\/span>\n\t\t<\/h2>\n                    <div class=\"eltdf-st-separator clearfix\">\n                <div class=\"eltdf-separator\" ><\/div>\n            <\/div>\n        \t\t\t\t<h4 class=\"eltdf-st-subtitle\" >\n\t\t<span>Une histoire de famille li\u00e9e \u00e0 celle du vignoble o\u00f9 les g\u00e9n\u00e9rations se succ\u00e8dent avec pour h\u00e9ritage la passion et l\u2019amour pour ce terroir.<\/span>\n\t\t<\/h4>\n\t\t<\/div>[vc_empty_space height=&#8221;37px&#8221;][vc_row_inner][vc_column_inner offset=&#8221;vc_hidden-xs&#8221;][vc_single_image image=&#8221;7297&#8243; img_size=&#8221;full&#8221; alignment=&#8221;center&#8221; css=&#8221;.vc_custom_1490973175556{margin-bottom: -2px !important;}&#8221;][\/vc_column_inner][\/vc_row_inner]<div class=\"eltdf-workflow eltdf-workflow-animate\">\n    <div class=\"eltdf-workflow-item eltdf-workflow-item-equal\">\n    <div class=\"eltdf-workflow-item-inner\">\n        <div class=\"eltdf-workflow-text-left\">\n                            <h6 class=\"eltdf-wfi-subtitle\">Les d\u00e9buts<\/h6>\n                        <span class=\"circle\"><\/span>\n                            <h3 class=\"eltdf-wfi-title\">XIX si\u00e8cle<\/h3>\n                                        <p class=\"text\">L&#039;histoire commen\u00e7a au 19eme si\u00e8cle avec Gustave puis son fils, Roger. Ensemble ils fondent le domaine petit \u00e0 petit.<\/p>\n                    <\/div>\n        <div class=\"eltdf-workflow-image\">\n            <img loading=\"lazy\" decoding=\"async\" width=\"274\" height=\"181\" src=\"https:\/\/www.domainerogerpabiot.fr\/wp-content\/uploads\/2021\/11\/QuiSommesNousVignettes-6.jpg?wsr\" class=\"attachment-full size-full\" alt=\"vigne bio\" \/>        <\/div>\n        <div class=\"eltdf-workflow-text-right\">\n            <span class=\"circle\"><\/span>\n                            <h6 class=\"eltdf-wfi-subtitle\">Une histoire de famille<\/h6>\n                                        <h3 class=\"eltdf-wfi-title\">1978<\/h3>\n                                        <p class=\"text\">Les fils, G\u00e9rard et Bernard se joignent \u00e0 leur p\u00e8re dans l&#039;aventure familiale dans le respect des traditions et du terroir.<\/p>\n                    <\/div>\n    <\/div>\n<\/div><div class=\"eltdf-workflow-item eltdf-workflow-item-equal\">\n    <div class=\"eltdf-workflow-item-inner\">\n        <div class=\"eltdf-workflow-text-left\">\n                            <h6 class=\"eltdf-wfi-subtitle\">Un renouveau<\/h6>\n                        <span class=\"circle\"><\/span>\n                            <h3 class=\"eltdf-wfi-title\">2017<\/h3>\n                                        <p class=\"text\">Pauline, marque la cinqui\u00e8me g\u00e9n\u00e9ration de vigneron ind\u00e9pendant passionn\u00e9. Elle a inscrit, aujourd&#039;hui, le domaine dans une nouvelle dynamique.<\/p>\n                    <\/div>\n        <div class=\"eltdf-workflow-image\">\n            <img loading=\"lazy\" decoding=\"async\" width=\"274\" height=\"181\" src=\"https:\/\/www.domainerogerpabiot.fr\/wp-content\/uploads\/2021\/11\/QuiSommesNousVignettes-7.jpg?wsr\" class=\"attachment-full size-full\" alt=\"vigne\" \/>        <\/div>\n        <div class=\"eltdf-workflow-text-right\">\n            <span class=\"circle\"><\/span>\n                            <h6 class=\"eltdf-wfi-subtitle\">Une culture raisonn\u00e9e<\/h6>\n                                        <h3 class=\"eltdf-wfi-title\">2019<\/h3>\n                                        <p class=\"text\">En 2019, le domaine acquiert la certification HVE 3 (Haute valeur environnementale niveau 3) qui lui permet de mettre en avant ses efforts.<\/p>\n                    <\/div>\n    <\/div>\n<\/div><\/div>[vc_empty_space height=&#8221;100px&#8221;]<div class=\"eltdf-elements-holder eltdf-two-columns eltdf-responsive-mode-768\" ><div class=\"eltdf-eh-item \" data-item-class=\"eltdf-eh-custom-441006\" >\n\t<div class=\"eltdf-eh-item-inner\" >\n\t\t<div class=\"eltdf-eh-item-content eltdf-eh-custom-441006\" style=\"padding: 0 20% 0 20%\">\n\t\t\t<div class=\"eltdf-section-title-holder\" style=\"text-align: left\">\n\t\t\t<h3 class=\"eltdf-st-title\" >\n\t\t\t<span>Aujourd&#039;hui,<\/span>\n\t\t<\/h3>\n                    <div class=\"eltdf-st-separator clearfix\">\n                <div class=\"eltdf-separator\" ><\/div>\n            <\/div>\n        \t\t\t<\/div>[vc_column_text]<\/p>\n<p class=\"p1\"><span class=\"s1\">The vineyard covers <strong>24 hectares<\/strong>, some of which are centuries old. Facing the hillsides overlooking the Loire, the vines benefit from a unique microclimate that gives our wines their typical character.. <span class=\"Apple-converted-space\"><br \/>\n<\/span><\/span><span class=\"s1\">The vines extend over the emblematic terroirs of the appellation: sandy terraces, flint clays and hard limestone.<br \/>\n<\/span><span class=\"s1\"><strong>Sustainable viticulture<\/strong> has always been an obvious choice for the exploitation of our land: <strong>stopping herbicides, working the soil, respectful pruning, treatments of organic origin are an integral part of our practices.<\/strong><span class=\"Apple-converted-space\"><br \/>\n<\/span><\/span><span class=\"s1\">In the cellar, <strong>the wines are carefully crafted,<\/strong> some with indigenous yeast, respecting the terroirs. From classic stainless steel vats to wooden barrels (&#8220;500L tuns&#8221;), including ovoid vats, each container has its own particularity, bringing complexity to our wines.<br \/>\n<\/span><span class=\"s1\"><strong>Do not hesitate to come and discover our univers,<\/strong> we will be pleased to welcome you in our estate, to taste our wines and discover our philosphy.<span class=\"Apple-converted-space\"><br \/>\n<\/span><\/span><span class=\"s1\">Si If you want to stay a little longer to discover our vineyard, <strong>\u00ab <i>la rose des vignes<\/i> \u00bb<\/strong>, wich can accomodate <strong>up to 8 pers<\/strong>.<\/span><\/p>\n<p>[\/vc_column_text][vc_empty_space height=&#8221;60px&#8221;]<a itemprop=\"url\" href=\"https:\/\/www.domainerogerpabiot.fr\/gite\/\" target=\"_self\"  class=\"eltdf-btn eltdf-btn-medium eltdf-btn-solid\"  >\n    <span class=\"eltdf-btn-text\">D\u00e9couvrir le g\u00eete<\/span>\n    <\/a>[vc_empty_space height=&#8221;60px&#8221;]\t\t<\/div>\n\t<\/div>\n\t<\/div><\/div>[\/vc_column][\/vc_row][vc_row row_content_width=&#8221;grid&#8221;][vc_column width=&#8221;1\/4&#8243;]<div class=\"eltdf-elements-holder eltdf-responsive-mode-768\" ><div class=\"eltdf-eh-item eltdf-horizontal-alignment-center\" data-item-class=\"eltdf-eh-custom-350575\" >\n\t<div class=\"eltdf-eh-item-inner\" >\n\t\t<div class=\"eltdf-eh-item-content eltdf-eh-custom-350575\" >\n\t\t\t[vc_single_image image=&#8221;11567&#8243; img_size=&#8221;full&#8221;]\t\t<\/div>\n\t<\/div>\n\t<\/div><\/div>[\/vc_column][vc_column width=&#8221;1\/4&#8243;]<div class=\"eltdf-elements-holder eltdf-responsive-mode-768\" ><div class=\"eltdf-eh-item \" data-item-class=\"eltdf-eh-custom-175839\" >\n\t<div class=\"eltdf-eh-item-inner\" >\n\t\t<div class=\"eltdf-eh-item-content eltdf-eh-custom-175839\" >\n\t\t\t[vc_single_image image=&#8221;11564&#8243; img_size=&#8221;full&#8221; alignment=&#8221;center&#8221;]\t\t<\/div>\n\t<\/div>\n\t<\/div><\/div>[\/vc_column][vc_column width=&#8221;1\/4&#8243;]<div class=\"eltdf-elements-holder eltdf-responsive-mode-768\" ><div class=\"eltdf-eh-item \" data-item-class=\"eltdf-eh-custom-489619\" >\n\t<div class=\"eltdf-eh-item-inner\" >\n\t\t<div class=\"eltdf-eh-item-content eltdf-eh-custom-489619\" >\n\t\t\t[vc_single_image image=&#8221;11565&#8243; img_size=&#8221;full&#8221; alignment=&#8221;center&#8221;]\t\t<\/div>\n\t<\/div>\n\t<\/div><\/div>[\/vc_column][vc_column width=&#8221;1\/4&#8243;]<div class=\"eltdf-elements-holder eltdf-responsive-mode-768\" ><div class=\"eltdf-eh-item \" data-item-class=\"eltdf-eh-custom-739156\" >\n\t<div class=\"eltdf-eh-item-inner\" >\n\t\t<div class=\"eltdf-eh-item-content eltdf-eh-custom-739156\" >\n\t\t\t[vc_single_image image=&#8221;11566&#8243; img_size=&#8221;full&#8221; alignment=&#8221;center&#8221;]\t\t<\/div>\n\t<\/div>\n\t<\/div><\/div>[\/vc_column][\/vc_row][vc_row][vc_column][vc_empty_space height=&#8221;60px&#8221;][vc_single_image image=&#8221;7287&#8243; img_size=&#8221;full&#8221; alignment=&#8221;center&#8221; css=&#8221;.vc_custom_1490972834054{margin-top: -10px !important;}&#8221;][vc_empty_space][\/vc_column][\/vc_row]<\/p>\n","protected":false},"excerpt":{"rendered":"<p>[vc_row css=&#8221;.vc_custom_1492069466896{padding-top: 150px !important;padding-bottom: 150px !important;}&#8221;][vc_column][vc_empty_space height=&#8221;50px&#8221;][vc_separator][vc_separator][vc_empty_space height=&#8221;80px&#8221;][vc_empty_space height=&#8221;37px&#8221;][vc_row_inner][vc_column_inner offset=&#8221;vc_hidden-xs&#8221;][vc_single_image image=&#8221;7297&#8243; img_size=&#8221;full&#8221; alignment=&#8221;center&#8221; css=&#8221;.vc_custom_1490973175556{margin-bottom: -2px !important;}&#8221;][\/vc_column_inner][\/vc_row_inner][vc_empty_space height=&#8221;100px&#8221;][\/vc_column][\/vc_row][vc_row row_content_width=&#8221;grid&#8221;][vc_column width=&#8221;1\/4&#8243;][\/vc_column][vc_column width=&#8221;1\/4&#8243;][\/vc_column][vc_column width=&#8221;1\/4&#8243;][\/vc_column][vc_column width=&#8221;1\/4&#8243;][\/vc_column][\/vc_row][vc_row][vc_column][vc_empty_space height=&#8221;60px&#8221;][vc_single_image image=&#8221;7287&#8243; img_size=&#8221;full&#8221; alignment=&#8221;center&#8221; css=&#8221;.vc_custom_1490972834054{margin-top: -10px !important;}&#8221;][vc_empty_space][\/vc_column][\/vc_row]<\/p>\n","protected":false},"author":2,"featured_media":0,"parent":0,"menu_order":0,"comment_status":"closed","ping_status":"closed","template":"","meta":{"_monsterinsights_skip_tracking":false,"_monsterinsights_sitenote_active":false,"_monsterinsights_sitenote_note":"","_monsterinsights_sitenote_category":0,"footnotes":""},"class_list":["post-13112","page","type-page","status-publish","hentry"],"_links":{"self":[{"href":"https:\/\/www.domainerogerpabiot.fr\/en\/wp-json\/wp\/v2\/pages\/13112","targetHints":{"allow":["GET"]}}],"collection":[{"href":"https:\/\/www.domainerogerpabiot.fr\/en\/wp-json\/wp\/v2\/pages"}],"about":[{"href":"https:\/\/www.domainerogerpabiot.fr\/en\/wp-json\/wp\/v2\/types\/page"}],"author":[{"embeddable":true,"href":"https:\/\/www.domainerogerpabiot.fr\/en\/wp-json\/wp\/v2\/users\/2"}],"replies":[{"embeddable":true,"href":"https:\/\/www.domainerogerpabiot.fr\/en\/wp-json\/wp\/v2\/comments?post=13112"}],"version-history":[{"count":2,"href":"https:\/\/www.domainerogerpabiot.fr\/en\/wp-json\/wp\/v2\/pages\/13112\/revisions"}],"predecessor-version":[{"id":13114,"href":"https:\/\/www.domainerogerpabiot.fr\/en\/wp-json\/wp\/v2\/pages\/13112\/revisions\/13114"}],"wp:attachment":[{"href":"https:\/\/www.domainerogerpabiot.fr\/en\/wp-json\/wp\/v2\/media?parent=13112"}],"curies":[{"name":"wp","href":"https:\/\/api.w.org\/{rel}","templated":true}]}}