{"id":10796,"date":"2022-01-03T16:33:05","date_gmt":"2022-01-03T15:33:05","guid":{"rendered":"http:\/\/www.domainerogerpabiot.fr\/?post_type=product&#038;p=10796"},"modified":"2025-12-19T16:51:22","modified_gmt":"2025-12-19T15:51:22","slug":"silex-2024-75-cl","status":"publish","type":"product","link":"https:\/\/www.domainerogerpabiot.fr\/en\/produit\/silex-2024-75-cl\/","title":{"rendered":"Silex 2024"},"content":{"rendered":"<p><i class=\"fas fa-tags\"><\/i> <strong>Portrait<br \/>\n<\/strong><span class=\"s1\">Robe jaune dor\u00e9e<br \/>\n<\/span><span class=\"s1\"> Le nez discret aux notes min\u00e9rales et floral.<br \/>\n<\/span><span class=\"s1\"> Attaque souple, ar\u00f4mes d\u2019agrumes et de pierre \u00e0 fusil.<br \/>\n<\/span><span class=\"s1\"> Longue persistance sur la min\u00e9ralit\u00e9.<\/span><\/p>\n<p>&nbsp;<\/p>\n<p><i class=\"fas fa-wine-glass-alt\"><\/i> <strong>Bouche<\/strong><br \/>\nLa bouche est fra\u00eeche et enrob\u00e9e. On retrouve une min\u00e9ralit\u00e9 avec des notes de pierre \u00e0 fusil ainsi que des notes fleurs jaunes et d&#8217;amandes grill\u00e9es.<\/p>\n<p>&nbsp;<\/p>\n<p><strong>Accord mets &amp; vins<\/strong><\/p>\n<p class=\"p1\"><span class=\"s1\">Sushi<br \/>\n<\/span><span class=\"s1\">Huitres<br \/>\n<\/span><span class=\"s1\">Crevettes \u00e0 la plancha<br \/>\n<\/span><span class=\"s1\">Poissons en sauce<br \/>\n<\/span><span class=\"s1\">Viandes blanches en sauce<\/span><\/p>\n<p>&nbsp;<\/p>\n<p><i class=\"fas fa-history\"><\/i> <strong>Potentiel de garde<br \/>\n<\/strong><span class=\"s1\">Bon potentiel de garde : de 8 \u00e0 10 ans <span class=\"Apple-converted-space\">\u00a0<\/span><\/span><\/p>\n<p>&nbsp;<\/p>\n<p><i class=\"fas fa-wine-bottle\"><\/i> <strong>Contenance<br \/>\n<\/strong><\/p>\n<p>Disponible en 75cl et 150cl<\/p>\n<p>&nbsp;<\/p>\n<p><i class=\"fas fa-notes-medical\"><\/i> <strong>Allerg\u00e8nes<\/strong><br \/>\nAucun allerg\u00e8ne identifi\u00e9<\/p>\n","protected":false},"excerpt":{"rendered":"<p class=\"product-title\"><strong>AOC Pouilly Fum\u00e9 &#8211; Blanc<\/strong><\/p>\n<p class=\"p1\">Un terroir de pr\u00e9dilection pour un vin authentique.<span class=\"Apple-converted-space\"><br \/>\n<\/span>Une symbiose entre un c\u00e9page, le Sauvignon, et un terroir. L\u2019expression pure du fruit et de la min\u00e9ralit\u00e9.<\/p>\n<p class=\"p1\"><strong>C\u00e9page :<\/strong> Sauvignon<\/p>\n<p class=\"p1\"><strong>France &#8211; Loire<\/strong><\/p>\n<p>\u2605\u00a0<strong>R\u00e9compense :<br \/>\n<\/strong>F\u00e9minalise<strong><br \/>\n<\/strong><\/p>\n<h5><a href=\"https:\/\/www.domainerogerpabiot.fr\/wp-content\/uploads\/2025\/12\/Fiche-Produit-Silex.pdf\"><u>Fiche produit<\/u><\/a><\/h5>\n","protected":false},"featured_media":13062,"comment_status":"closed","ping_status":"closed","template":"","meta":{"_monsterinsights_skip_tracking":false,"_monsterinsights_sitenote_active":false,"_monsterinsights_sitenote_note":"","_monsterinsights_sitenote_category":0},"product_brand":[],"product_cat":[89,140,88,91],"product_tag":[],"class_list":{"0":"post-10796","1":"product","2":"type-product","3":"status-publish","4":"has-post-thumbnail","6":"product_cat-150-cl","7":"product_cat-140","8":"product_cat-75-cl","9":"product_cat-pouilly-fume","11":"first","12":"outofstock","13":"taxable","14":"shipping-taxable","15":"purchasable","16":"product-type-simple"},"_links":{"self":[{"href":"https:\/\/www.domainerogerpabiot.fr\/en\/wp-json\/wp\/v2\/product\/10796","targetHints":{"allow":["GET"]}}],"collection":[{"href":"https:\/\/www.domainerogerpabiot.fr\/en\/wp-json\/wp\/v2\/product"}],"about":[{"href":"https:\/\/www.domainerogerpabiot.fr\/en\/wp-json\/wp\/v2\/types\/product"}],"replies":[{"embeddable":true,"href":"https:\/\/www.domainerogerpabiot.fr\/en\/wp-json\/wp\/v2\/comments?post=10796"}],"wp:featuredmedia":[{"embeddable":true,"href":"https:\/\/www.domainerogerpabiot.fr\/en\/wp-json\/wp\/v2\/media\/13062"}],"wp:attachment":[{"href":"https:\/\/www.domainerogerpabiot.fr\/en\/wp-json\/wp\/v2\/media?parent=10796"}],"wp:term":[{"taxonomy":"product_brand","embeddable":true,"href":"https:\/\/www.domainerogerpabiot.fr\/en\/wp-json\/wp\/v2\/product_brand?post=10796"},{"taxonomy":"product_cat","embeddable":true,"href":"https:\/\/www.domainerogerpabiot.fr\/en\/wp-json\/wp\/v2\/product_cat?post=10796"},{"taxonomy":"product_tag","embeddable":true,"href":"https:\/\/www.domainerogerpabiot.fr\/en\/wp-json\/wp\/v2\/product_tag?post=10796"}],"curies":[{"name":"wp","href":"https:\/\/api.w.org\/{rel}","templated":true}]}}