{"id":13107,"date":"2024-10-09T18:47:00","date_gmt":"2024-10-09T16:47:00","guid":{"rendered":"https:\/\/www.domainerogerpabiot.fr\/?post_type=product&#038;p=13107"},"modified":"2024-10-09T18:56:07","modified_gmt":"2024-10-09T16:56:07","slug":"silex-2023","status":"publish","type":"product","link":"https:\/\/www.domainerogerpabiot.fr\/en\/product\/silex-2023\/","title":{"rendered":"Silex 2023"},"content":{"rendered":"<p><i class=\"fas fa-tags\"><\/i> <strong>Portrait<br \/>\n<\/strong><span class=\"s1\">Golden yellow tint<br \/>\n<\/span><span class=\"s1\">The discreet nose with mineral and floral notes.<br \/>\n<\/span><span class=\"s1\">Supple attack, aromas of citrus and flint.<br \/>\n<\/span><span class=\"s1\">Long persistence on the minerality.<\/span><\/p>\n<p>&nbsp;<\/p>\n<p><i class=\"fas fa-wine-glass-alt\"><\/i> <strong>Bouche<\/strong><br \/>\nLa bouche est fra\u00eeche et enrob\u00e9e. On retrouve une min\u00e9ralit\u00e9 avec des notes de pierre \u00e0 fusil ainsi que des notes fleurs jaunes et d&#8217;amandes grill\u00e9es.<\/p>\n<p>&nbsp;<\/p>\n<p><strong>Food and wine pairing<\/strong><\/p>\n<p class=\"p1\"><span class=\"s1\">Sushi<br \/>\n<\/span><span class=\"s1\">Oyster<br \/>\n<\/span><span class=\"s1\">Grilled Shrimp<br \/>\n<\/span><span class=\"s1\">Fish in sauce<br \/>\n<\/span><span class=\"s1\">White meats in sauce<\/span><\/p>\n<p>&nbsp;<\/p>\n<p><i class=\"fas fa-history\"><\/i> <strong>Storage potential<br \/>\n<\/strong><span class=\"s1\">Good aging potential: 8 to 10 years <\/span><\/p>\n<p>&nbsp;<\/p>\n<p><i class=\"fas fa-wine-bottle\"><\/i> <strong>Volume<br \/>\n<\/strong><\/p>\n<p>Available in 75cl and 150cl<\/p>\n<p>&nbsp;<\/p>\n<p><i class=\"fas fa-notes-medical\"><\/i> <strong>Allergens<\/strong><br \/>\nNo allergens identified<\/p>\n","protected":false},"excerpt":{"rendered":"<p class=\"product-title\"><strong>AOC Pouilly Fum\u00e9 &#8211; Blanc<\/strong><\/p>\n<p class=\"p1\">The perfect conditions for a truly original wine<span class=\"Apple-converted-space\"><br \/>\n<\/span>A symbiosis between a variety, the Sauvignon, and a terroir. The pure expression of the fruit and the minerality.<\/p>\n<p class=\"p1\"><strong>Grape variety :<\/strong> Sauvignon<\/p>\n<p class=\"p1\"><strong>France &#8211; Loire<\/strong><\/p>\n<p>\u2605 <strong>Awards :<br \/>\n<\/strong>F\u00e9minalise<strong><br \/>\n<\/strong><\/p>\n<h5><span style=\"text-decoration: underline;\"><a href=\"https:\/\/www.domainerogerpabiot.fr\/?attachment_id=12840\" rel=\"attachment wp-att-12840\">Technical sheet silex 2022<\/a><\/span><\/h5>\n","protected":false},"featured_media":13063,"comment_status":"closed","ping_status":"closed","template":"","meta":{"_monsterinsights_skip_tracking":false,"_monsterinsights_sitenote_active":false,"_monsterinsights_sitenote_note":"","_monsterinsights_sitenote_category":0},"product_brand":[],"product_cat":[126,127,123,124],"product_tag":[],"class_list":{"0":"post-13107","1":"product","2":"type-product","3":"status-publish","4":"has-post-thumbnail","6":"product_cat-150-cl-en","7":"product_cat-2023-en","8":"product_cat-75-cl-en","9":"product_cat-pouilly-fume-en","11":"first","12":"outofstock","13":"taxable","14":"shipping-taxable","15":"purchasable","16":"product-type-simple"},"_links":{"self":[{"href":"https:\/\/www.domainerogerpabiot.fr\/en\/wp-json\/wp\/v2\/product\/13107","targetHints":{"allow":["GET"]}}],"collection":[{"href":"https:\/\/www.domainerogerpabiot.fr\/en\/wp-json\/wp\/v2\/product"}],"about":[{"href":"https:\/\/www.domainerogerpabiot.fr\/en\/wp-json\/wp\/v2\/types\/product"}],"replies":[{"embeddable":true,"href":"https:\/\/www.domainerogerpabiot.fr\/en\/wp-json\/wp\/v2\/comments?post=13107"}],"wp:featuredmedia":[{"embeddable":true,"href":"https:\/\/www.domainerogerpabiot.fr\/en\/wp-json\/wp\/v2\/media\/13063"}],"wp:attachment":[{"href":"https:\/\/www.domainerogerpabiot.fr\/en\/wp-json\/wp\/v2\/media?parent=13107"}],"wp:term":[{"taxonomy":"product_brand","embeddable":true,"href":"https:\/\/www.domainerogerpabiot.fr\/en\/wp-json\/wp\/v2\/product_brand?post=13107"},{"taxonomy":"product_cat","embeddable":true,"href":"https:\/\/www.domainerogerpabiot.fr\/en\/wp-json\/wp\/v2\/product_cat?post=13107"},{"taxonomy":"product_tag","embeddable":true,"href":"https:\/\/www.domainerogerpabiot.fr\/en\/wp-json\/wp\/v2\/product_tag?post=13107"}],"curies":[{"name":"wp","href":"https:\/\/api.w.org\/{rel}","templated":true}]}}